{"id":3675,"date":"2023-11-09T06:02:01","date_gmt":"2023-11-09T06:02:01","guid":{"rendered":"https:\/\/jhsperu.com\/?post_type=product&#038;p=3675"},"modified":"2024-02-02T21:52:56","modified_gmt":"2024-02-02T21:52:56","slug":"mesa-ginecologica","status":"publish","type":"product","link":"https:\/\/jhsperu.com\/en\/product\/mesa-ginecologica\/","title":{"rendered":"Mesa ginecol\u00f3gica"},"content":{"rendered":"<ul>\n<li>La Mesa ginecol\u00f3gica es una mesa mec\u00e1nica de tres secciones con espaldar regulable a trav\u00e9s de cremallera.<\/li>\n<li>Colchoneta de espuma pl\u00e1stica de 2\u201d de alta densidad con tapiz de vinil lavable de alta calidad.<\/li>\n<li>Secci\u00f3n de pelvis regulable mec\u00e1nicamente con volante de accionamiento manual, de suave y f\u00e1cil manejo y posici\u00f3n trendelemburg y reversa a lleva un entrante de medialuna sanitaria.<\/li>\n<li>Secci\u00f3n de las pierneras con tablero acolchado desmontable.<\/li>\n<li>La unidad llevar\u00e1 un juego de pierneras anat\u00f3micas en fibra de vidrio con apoyos met\u00e1licos para evitar desgaste de las mismas, las varillas que soportan y donde giran las pierneras ser\u00e1n de acero inoxidable que permita regular la abertura de las piernas a voluntad.<\/li>\n<li>Las 4 manijas de ajuste ser\u00e1n en acero inoxidable redondas con terminaciones en nitrilo.<\/li>\n<li>Balde rodante de acero inoxidable.<\/li>\n<\/ul>","protected":false},"excerpt":{"rendered":"<p>La Mesa ginecol\u00f3gica es una mesa mec\u00e1nica de tres secciones con espaldar regulable a trav\u00e9s de cremallera. Colchoneta de espuma pl\u00e1stica de 2\u201d de alta densidad con tapiz de vinil lavable de alta calidad. Secci\u00f3n de pelvis regulable mec\u00e1nicamente con volante de accionamiento manual, de suave y f\u00e1cil manejo y posici\u00f3n trendelemburg y reversa a [&hellip;]<\/p>","protected":false},"featured_media":2602,"template":"","meta":{"_acf_changed":false,"content-type":"","site-sidebar-layout":"default","site-content-layout":"default","ast-site-content-layout":"default","site-content-style":"default","site-sidebar-style":"default","ast-global-header-display":"","ast-banner-title-visibility":"","ast-main-header-display":"","ast-hfb-above-header-display":"","ast-hfb-below-header-display":"","ast-hfb-mobile-header-display":"","site-post-title":"","ast-breadcrumbs-content":"","ast-featured-img":"","footer-sml-layout":"","theme-transparent-header-meta":"default","adv-header-id-meta":"","stick-header-meta":"","header-above-stick-meta":"","header-main-stick-meta":"","header-below-stick-meta":"","astra-migrate-meta-layouts":"default","ast-page-background-enabled":"default","ast-page-background-meta":{"desktop":{"background-color":"var(--ast-global-color-4)","background-image":"","background-repeat":"repeat","background-position":"center center","background-size":"auto","background-attachment":"scroll","background-type":"","background-media":"","overlay-type":"","overlay-color":"","overlay-opacity":"","overlay-gradient":""},"tablet":{"background-color":"","background-image":"","background-repeat":"repeat","background-position":"center center","background-size":"auto","background-attachment":"scroll","background-type":"","background-media":"","overlay-type":"","overlay-color":"","overlay-opacity":"","overlay-gradient":""},"mobile":{"background-color":"","background-image":"","background-repeat":"repeat","background-position":"center center","background-size":"auto","background-attachment":"scroll","background-type":"","background-media":"","overlay-type":"","overlay-color":"","overlay-opacity":"","overlay-gradient":""}},"ast-content-background-meta":{"desktop":{"background-color":"var(--ast-global-color-5)","background-image":"","background-repeat":"repeat","background-position":"center center","background-size":"auto","background-attachment":"scroll","background-type":"","background-media":"","overlay-type":"","overlay-color":"","overlay-opacity":"","overlay-gradient":""},"tablet":{"background-color":"var(--ast-global-color-5)","background-image":"","background-repeat":"repeat","background-position":"center center","background-size":"auto","background-attachment":"scroll","background-type":"","background-media":"","overlay-type":"","overlay-color":"","overlay-opacity":"","overlay-gradient":""},"mobile":{"background-color":"var(--ast-global-color-5)","background-image":"","background-repeat":"repeat","background-position":"center center","background-size":"auto","background-attachment":"scroll","background-type":"","background-media":"","overlay-type":"","overlay-color":"","overlay-opacity":"","overlay-gradient":""}}},"product_brand":[],"product_cat":[191],"product_tag":[],"class_list":{"0":"post-3675","1":"product","2":"type-product","3":"status-publish","4":"has-post-thumbnail","6":"product_cat-mesas-ginecologicas-mecanica","7":"desktop-align-left","8":"tablet-align-left","9":"mobile-align-left","11":"first","12":"instock","13":"shipping-taxable","14":"product-type-simple"},"acf":[],"_links":{"self":[{"href":"https:\/\/jhsperu.com\/en\/wp-json\/wp\/v2\/product\/3675","targetHints":{"allow":["GET"]}}],"collection":[{"href":"https:\/\/jhsperu.com\/en\/wp-json\/wp\/v2\/product"}],"about":[{"href":"https:\/\/jhsperu.com\/en\/wp-json\/wp\/v2\/types\/product"}],"wp:featuredmedia":[{"embeddable":true,"href":"https:\/\/jhsperu.com\/en\/wp-json\/wp\/v2\/media\/2602"}],"wp:attachment":[{"href":"https:\/\/jhsperu.com\/en\/wp-json\/wp\/v2\/media?parent=3675"}],"wp:term":[{"taxonomy":"product_brand","embeddable":true,"href":"https:\/\/jhsperu.com\/en\/wp-json\/wp\/v2\/product_brand?post=3675"},{"taxonomy":"product_cat","embeddable":true,"href":"https:\/\/jhsperu.com\/en\/wp-json\/wp\/v2\/product_cat?post=3675"},{"taxonomy":"product_tag","embeddable":true,"href":"https:\/\/jhsperu.com\/en\/wp-json\/wp\/v2\/product_tag?post=3675"}],"curies":[{"name":"wp","href":"https:\/\/api.w.org\/{rel}","templated":true}]}}