{"id":3656,"date":"2023-11-09T06:01:55","date_gmt":"2023-11-09T06:01:55","guid":{"rendered":"https:\/\/jhsperu.com\/?post_type=product&#038;p=3656"},"modified":"2024-02-02T22:22:54","modified_gmt":"2024-02-02T22:22:54","slug":"sillon-de-hemodonacion","status":"publish","type":"product","link":"https:\/\/jhsperu.com\/en\/product\/sillon-de-hemodonacion\/","title":{"rendered":"Sill\u00f3n de hemodonaci\u00f3n"},"content":{"rendered":"<ul>\n<li>El Sill\u00f3n de hemodonaci\u00f3n cuenta con un dise\u00f1o especial para dar tratamiento a pacientes de hemodi\u00e1lisis.<\/li>\n<li>Dimensiones aproximadas: Largo 200 cm., ancho 80 cm.<\/li>\n<li>Capacidad para soportar pacientes de 120 Kg. O m\u00e1s.<\/li>\n<li>Con 03 partes principales: Secci\u00f3n piernas, secci\u00f3n asiento y secci\u00f3n espalda, acolchadas y tapizadas.<\/li>\n<li>Con control electr\u00f3nico para movimiento de las partes.<\/li>\n<li>Capacidad para colocarse por control remoto en posiciones sentado, horizontal o trendelemburg.<\/li>\n<li>Con porta brazos, de distancia ajustable entre ellos y reclinables hacia atr\u00e1s o adelante<\/li>\n<li>Con cabecera anat\u00f3mica (puede estar integrada al respaldar).<\/li>\n<li>Con apoyo para descanso de los pies.<\/li>\n<li>Montado sobre 4 ruedas, con sistema de frenos al menos en dos (02) de ellas.<\/li>\n<li>El soporte para las ruedas no debe sobrepasar el ancho del sill\u00f3n.<\/li>\n<li>Forro del tapizado en material de f\u00e1cil limpieza y alta resistencia al desgaste. Que permita la f\u00e1cil limpieza y desinfecci\u00f3n con agentes qu\u00edmicos.<\/li>\n<li>Chasis \u00edntegramente fabricado de material met\u00e1lico, marco de acero.<\/li>\n<\/ul>","protected":false},"excerpt":{"rendered":"<p>El Sill\u00f3n de hemodonaci\u00f3n cuenta con un dise\u00f1o especial para dar tratamiento a pacientes de hemodi\u00e1lisis. Dimensiones aproximadas: Largo 200 cm., ancho 80 cm. Capacidad para soportar pacientes de 120 Kg. O m\u00e1s. Con 03 partes principales: Secci\u00f3n piernas, secci\u00f3n asiento y secci\u00f3n espalda, acolchadas y tapizadas. Con control electr\u00f3nico para movimiento de las partes. [&hellip;]<\/p>","protected":false},"featured_media":1008,"template":"","meta":{"_acf_changed":false,"content-type":"","site-sidebar-layout":"default","site-content-layout":"default","ast-site-content-layout":"default","site-content-style":"default","site-sidebar-style":"default","ast-global-header-display":"","ast-banner-title-visibility":"","ast-main-header-display":"","ast-hfb-above-header-display":"","ast-hfb-below-header-display":"","ast-hfb-mobile-header-display":"","site-post-title":"","ast-breadcrumbs-content":"","ast-featured-img":"","footer-sml-layout":"","theme-transparent-header-meta":"default","adv-header-id-meta":"","stick-header-meta":"","header-above-stick-meta":"","header-main-stick-meta":"","header-below-stick-meta":"","astra-migrate-meta-layouts":"default","ast-page-background-enabled":"default","ast-page-background-meta":{"desktop":{"background-color":"var(--ast-global-color-4)","background-image":"","background-repeat":"repeat","background-position":"center center","background-size":"auto","background-attachment":"scroll","background-type":"","background-media":"","overlay-type":"","overlay-color":"","overlay-opacity":"","overlay-gradient":""},"tablet":{"background-color":"","background-image":"","background-repeat":"repeat","background-position":"center center","background-size":"auto","background-attachment":"scroll","background-type":"","background-media":"","overlay-type":"","overlay-color":"","overlay-opacity":"","overlay-gradient":""},"mobile":{"background-color":"","background-image":"","background-repeat":"repeat","background-position":"center center","background-size":"auto","background-attachment":"scroll","background-type":"","background-media":"","overlay-type":"","overlay-color":"","overlay-opacity":"","overlay-gradient":""}},"ast-content-background-meta":{"desktop":{"background-color":"var(--ast-global-color-5)","background-image":"","background-repeat":"repeat","background-position":"center center","background-size":"auto","background-attachment":"scroll","background-type":"","background-media":"","overlay-type":"","overlay-color":"","overlay-opacity":"","overlay-gradient":""},"tablet":{"background-color":"var(--ast-global-color-5)","background-image":"","background-repeat":"repeat","background-position":"center center","background-size":"auto","background-attachment":"scroll","background-type":"","background-media":"","overlay-type":"","overlay-color":"","overlay-opacity":"","overlay-gradient":""},"mobile":{"background-color":"var(--ast-global-color-5)","background-image":"","background-repeat":"repeat","background-position":"center center","background-size":"auto","background-attachment":"scroll","background-type":"","background-media":"","overlay-type":"","overlay-color":"","overlay-opacity":"","overlay-gradient":""}}},"product_brand":[],"product_cat":[179],"product_tag":[],"class_list":{"0":"post-3656","1":"product","2":"type-product","3":"status-publish","4":"has-post-thumbnail","6":"product_cat-sillones-de-hemodonacion","7":"desktop-align-left","8":"tablet-align-left","9":"mobile-align-left","11":"first","12":"instock","13":"shipping-taxable","14":"product-type-simple"},"acf":[],"_links":{"self":[{"href":"https:\/\/jhsperu.com\/en\/wp-json\/wp\/v2\/product\/3656","targetHints":{"allow":["GET"]}}],"collection":[{"href":"https:\/\/jhsperu.com\/en\/wp-json\/wp\/v2\/product"}],"about":[{"href":"https:\/\/jhsperu.com\/en\/wp-json\/wp\/v2\/types\/product"}],"wp:featuredmedia":[{"embeddable":true,"href":"https:\/\/jhsperu.com\/en\/wp-json\/wp\/v2\/media\/1008"}],"wp:attachment":[{"href":"https:\/\/jhsperu.com\/en\/wp-json\/wp\/v2\/media?parent=3656"}],"wp:term":[{"taxonomy":"product_brand","embeddable":true,"href":"https:\/\/jhsperu.com\/en\/wp-json\/wp\/v2\/product_brand?post=3656"},{"taxonomy":"product_cat","embeddable":true,"href":"https:\/\/jhsperu.com\/en\/wp-json\/wp\/v2\/product_cat?post=3656"},{"taxonomy":"product_tag","embeddable":true,"href":"https:\/\/jhsperu.com\/en\/wp-json\/wp\/v2\/product_tag?post=3656"}],"curies":[{"name":"wp","href":"https:\/\/api.w.org\/{rel}","templated":true}]}}