{"id":3653,"date":"2023-11-09T06:01:55","date_gmt":"2023-11-09T06:01:55","guid":{"rendered":"https:\/\/jhsperu.com\/?post_type=product&#038;p=3653"},"modified":"2024-02-02T22:27:23","modified_gmt":"2024-02-02T22:27:23","slug":"sillon-extensible","status":"publish","type":"product","link":"https:\/\/jhsperu.com\/en\/product\/sillon-extensible\/","title":{"rendered":"Sill\u00f3n extensible"},"content":{"rendered":"<ul>\n<li>Sill\u00f3n extensible con vinil lavable.<\/li>\n<li>Respiradores met\u00e1licos.<\/li>\n<li>Mueble plegable y convertible.<\/li>\n<li>Pintura resistente a la oxidaci\u00f3n y a los golpes.<\/li>\n<li>Cuatro garruchas para un mejor desplazamiento.<\/li>\n<li>Dos apoya brazos tapizados en vinil de alta calidad.<\/li>\n<\/ul>","protected":false},"excerpt":{"rendered":"<p>Sill\u00f3n extensible con vinil lavable. Respiradores met\u00e1licos. Mueble plegable y convertible. Pintura resistente a la oxidaci\u00f3n y a los golpes. Cuatro garruchas para un mejor desplazamiento. Dos apoya brazos tapizados en vinil de alta calidad.<\/p>","protected":false},"featured_media":1001,"template":"","meta":{"_acf_changed":false,"content-type":"","site-sidebar-layout":"default","site-content-layout":"default","ast-site-content-layout":"default","site-content-style":"default","site-sidebar-style":"default","ast-global-header-display":"","ast-banner-title-visibility":"","ast-main-header-display":"","ast-hfb-above-header-display":"","ast-hfb-below-header-display":"","ast-hfb-mobile-header-display":"","site-post-title":"","ast-breadcrumbs-content":"","ast-featured-img":"","footer-sml-layout":"","theme-transparent-header-meta":"default","adv-header-id-meta":"","stick-header-meta":"","header-above-stick-meta":"","header-main-stick-meta":"","header-below-stick-meta":"","astra-migrate-meta-layouts":"default","ast-page-background-enabled":"default","ast-page-background-meta":{"desktop":{"background-color":"var(--ast-global-color-4)","background-image":"","background-repeat":"repeat","background-position":"center center","background-size":"auto","background-attachment":"scroll","background-type":"","background-media":"","overlay-type":"","overlay-color":"","overlay-opacity":"","overlay-gradient":""},"tablet":{"background-color":"","background-image":"","background-repeat":"repeat","background-position":"center center","background-size":"auto","background-attachment":"scroll","background-type":"","background-media":"","overlay-type":"","overlay-color":"","overlay-opacity":"","overlay-gradient":""},"mobile":{"background-color":"","background-image":"","background-repeat":"repeat","background-position":"center center","background-size":"auto","background-attachment":"scroll","background-type":"","background-media":"","overlay-type":"","overlay-color":"","overlay-opacity":"","overlay-gradient":""}},"ast-content-background-meta":{"desktop":{"background-color":"var(--ast-global-color-5)","background-image":"","background-repeat":"repeat","background-position":"center center","background-size":"auto","background-attachment":"scroll","background-type":"","background-media":"","overlay-type":"","overlay-color":"","overlay-opacity":"","overlay-gradient":""},"tablet":{"background-color":"var(--ast-global-color-5)","background-image":"","background-repeat":"repeat","background-position":"center center","background-size":"auto","background-attachment":"scroll","background-type":"","background-media":"","overlay-type":"","overlay-color":"","overlay-opacity":"","overlay-gradient":""},"mobile":{"background-color":"var(--ast-global-color-5)","background-image":"","background-repeat":"repeat","background-position":"center center","background-size":"auto","background-attachment":"scroll","background-type":"","background-media":"","overlay-type":"","overlay-color":"","overlay-opacity":"","overlay-gradient":""}}},"product_brand":[],"product_cat":[177],"product_tag":[],"class_list":{"0":"post-3653","1":"product","2":"type-product","3":"status-publish","4":"has-post-thumbnail","6":"product_cat-sillon-para-acompanante-sillones-multiples-usos","7":"desktop-align-left","8":"tablet-align-left","9":"mobile-align-left","11":"first","12":"instock","13":"shipping-taxable","14":"product-type-simple"},"acf":[],"_links":{"self":[{"href":"https:\/\/jhsperu.com\/en\/wp-json\/wp\/v2\/product\/3653","targetHints":{"allow":["GET"]}}],"collection":[{"href":"https:\/\/jhsperu.com\/en\/wp-json\/wp\/v2\/product"}],"about":[{"href":"https:\/\/jhsperu.com\/en\/wp-json\/wp\/v2\/types\/product"}],"wp:featuredmedia":[{"embeddable":true,"href":"https:\/\/jhsperu.com\/en\/wp-json\/wp\/v2\/media\/1001"}],"wp:attachment":[{"href":"https:\/\/jhsperu.com\/en\/wp-json\/wp\/v2\/media?parent=3653"}],"wp:term":[{"taxonomy":"product_brand","embeddable":true,"href":"https:\/\/jhsperu.com\/en\/wp-json\/wp\/v2\/product_brand?post=3653"},{"taxonomy":"product_cat","embeddable":true,"href":"https:\/\/jhsperu.com\/en\/wp-json\/wp\/v2\/product_cat?post=3653"},{"taxonomy":"product_tag","embeddable":true,"href":"https:\/\/jhsperu.com\/en\/wp-json\/wp\/v2\/product_tag?post=3653"}],"curies":[{"name":"wp","href":"https:\/\/api.w.org\/{rel}","templated":true}]}}