{"id":3640,"date":"2023-11-09T06:01:54","date_gmt":"2023-11-09T06:01:54","guid":{"rendered":"https:\/\/jhsperu.com\/?post_type=product&#038;p=3640"},"modified":"2024-02-02T22:46:32","modified_gmt":"2024-02-02T22:46:32","slug":"negatoscopio-modelo-3-campos","status":"publish","type":"product","link":"https:\/\/jhsperu.com\/en\/product\/negatoscopio-modelo-3-campos\/","title":{"rendered":"Negatoscopio Modelo 3 campos"},"content":{"rendered":"<h6>El Negatoscopio Modelo 3 campos cuenta con las siguientes caracter\u00edsticas:<\/h6>\n<ul>\n<li>Sistema de sujeci\u00f3n de placas radiogr\u00e1ficas.<\/li>\n<li>Esmaltado interiormente y exteriormente sin halos de luz que puedan producir lecturas err\u00f3neas.<\/li>\n<li>Luna acr\u00edlica irrompible.<\/li>\n<li>Swich de encendido.<\/li>\n<li>Equipado interiormente con una l\u00e1mpara fluorescente.<\/li>\n<li>Cable vulcanizado para mayor estabilidad, duraci\u00f3n y resistencia.<\/li>\n<li>Pintura resistente a la oxidaci\u00f3n y a los golpes.<\/li>\n<li>Construido \u00edntegramente en plancha de acero.<\/li>\n<li>Soporte.<\/li>\n<\/ul>","protected":false},"excerpt":{"rendered":"<p>El Negatoscopio Modelo 3 campos cuenta con las siguientes caracter\u00edsticas: Sistema de sujeci\u00f3n de placas radiogr\u00e1ficas. Esmaltado interiormente y exteriormente sin halos de luz que puedan producir lecturas err\u00f3neas. Luna acr\u00edlica irrompible. Swich de encendido. Equipado interiormente con una l\u00e1mpara fluorescente. Cable vulcanizado para mayor estabilidad, duraci\u00f3n y resistencia. Pintura resistente a la oxidaci\u00f3n y [&hellip;]<\/p>","protected":false},"featured_media":983,"template":"","meta":{"_acf_changed":false,"content-type":"","site-sidebar-layout":"default","site-content-layout":"default","ast-site-content-layout":"default","site-content-style":"default","site-sidebar-style":"default","ast-global-header-display":"","ast-banner-title-visibility":"","ast-main-header-display":"","ast-hfb-above-header-display":"","ast-hfb-below-header-display":"","ast-hfb-mobile-header-display":"","site-post-title":"","ast-breadcrumbs-content":"","ast-featured-img":"","footer-sml-layout":"","theme-transparent-header-meta":"default","adv-header-id-meta":"","stick-header-meta":"","header-above-stick-meta":"","header-main-stick-meta":"","header-below-stick-meta":"","astra-migrate-meta-layouts":"default","ast-page-background-enabled":"default","ast-page-background-meta":{"desktop":{"background-color":"var(--ast-global-color-4)","background-image":"","background-repeat":"repeat","background-position":"center center","background-size":"auto","background-attachment":"scroll","background-type":"","background-media":"","overlay-type":"","overlay-color":"","overlay-opacity":"","overlay-gradient":""},"tablet":{"background-color":"","background-image":"","background-repeat":"repeat","background-position":"center center","background-size":"auto","background-attachment":"scroll","background-type":"","background-media":"","overlay-type":"","overlay-color":"","overlay-opacity":"","overlay-gradient":""},"mobile":{"background-color":"","background-image":"","background-repeat":"repeat","background-position":"center center","background-size":"auto","background-attachment":"scroll","background-type":"","background-media":"","overlay-type":"","overlay-color":"","overlay-opacity":"","overlay-gradient":""}},"ast-content-background-meta":{"desktop":{"background-color":"var(--ast-global-color-5)","background-image":"","background-repeat":"repeat","background-position":"center center","background-size":"auto","background-attachment":"scroll","background-type":"","background-media":"","overlay-type":"","overlay-color":"","overlay-opacity":"","overlay-gradient":""},"tablet":{"background-color":"var(--ast-global-color-5)","background-image":"","background-repeat":"repeat","background-position":"center center","background-size":"auto","background-attachment":"scroll","background-type":"","background-media":"","overlay-type":"","overlay-color":"","overlay-opacity":"","overlay-gradient":""},"mobile":{"background-color":"var(--ast-global-color-5)","background-image":"","background-repeat":"repeat","background-position":"center center","background-size":"auto","background-attachment":"scroll","background-type":"","background-media":"","overlay-type":"","overlay-color":"","overlay-opacity":"","overlay-gradient":""}}},"product_brand":[],"product_cat":[170],"product_tag":[],"class_list":{"0":"post-3640","1":"product","2":"type-product","3":"status-publish","4":"has-post-thumbnail","6":"product_cat-negatoscopio","7":"desktop-align-left","8":"tablet-align-left","9":"mobile-align-left","11":"first","12":"instock","13":"shipping-taxable","14":"product-type-simple"},"acf":[],"_links":{"self":[{"href":"https:\/\/jhsperu.com\/en\/wp-json\/wp\/v2\/product\/3640","targetHints":{"allow":["GET"]}}],"collection":[{"href":"https:\/\/jhsperu.com\/en\/wp-json\/wp\/v2\/product"}],"about":[{"href":"https:\/\/jhsperu.com\/en\/wp-json\/wp\/v2\/types\/product"}],"wp:featuredmedia":[{"embeddable":true,"href":"https:\/\/jhsperu.com\/en\/wp-json\/wp\/v2\/media\/983"}],"wp:attachment":[{"href":"https:\/\/jhsperu.com\/en\/wp-json\/wp\/v2\/media?parent=3640"}],"wp:term":[{"taxonomy":"product_brand","embeddable":true,"href":"https:\/\/jhsperu.com\/en\/wp-json\/wp\/v2\/product_brand?post=3640"},{"taxonomy":"product_cat","embeddable":true,"href":"https:\/\/jhsperu.com\/en\/wp-json\/wp\/v2\/product_cat?post=3640"},{"taxonomy":"product_tag","embeddable":true,"href":"https:\/\/jhsperu.com\/en\/wp-json\/wp\/v2\/product_tag?post=3640"}],"curies":[{"name":"wp","href":"https:\/\/api.w.org\/{rel}","templated":true}]}}