{"id":3636,"date":"2023-11-09T06:01:53","date_gmt":"2023-11-09T06:01:53","guid":{"rendered":"https:\/\/jhsperu.com\/?post_type=product&#038;p=3636"},"modified":"2024-02-02T23:15:26","modified_gmt":"2024-02-02T23:15:26","slug":"coche-transporte-ropa-limpia","status":"publish","type":"product","link":"https:\/\/jhsperu.com\/en\/product\/coche-transporte-ropa-limpia\/","title":{"rendered":"Coche transporte ropa limpia"},"content":{"rendered":"<p>El Coche transporte ropa limpia cuenta con las siguientes caracter\u00edsticas:<\/p>\n<ul>\n<li>Estructura met\u00e1lica en tubo cuadrado.<\/li>\n<li>Fabricado \u00edntegramente en Plancha de acero laminado al fr\u00edo.<\/li>\n<li>Bastidor de acero de tubo cuadrado, lleva un jebe anti choque tipo media ca\u00f1a.<\/li>\n<li>Las puertas superiores ser\u00e1n batientes con bisagra, con tiradores de acero inoxidable.<\/li>\n<li>Agarradera tipo asa de acero inoxidable a cada lado.<\/li>\n<li>Unidad montada sobre cuatro garruchas de 6\u201d de di\u00e1metro todas giratorias dos de ellas con freno<\/li>\n<\/ul>","protected":false},"excerpt":{"rendered":"<p>El Coche transporte ropa limpia cuenta con las siguientes caracter\u00edsticas: Estructura met\u00e1lica en tubo cuadrado. Fabricado \u00edntegramente en Plancha de acero laminado al fr\u00edo. Bastidor de acero de tubo cuadrado, lleva un jebe anti choque tipo media ca\u00f1a. Las puertas superiores ser\u00e1n batientes con bisagra, con tiradores de acero inoxidable. Agarradera tipo asa de acero [&hellip;]<\/p>","protected":false},"featured_media":951,"template":"","meta":{"_acf_changed":false,"content-type":"","site-sidebar-layout":"default","site-content-layout":"default","ast-site-content-layout":"default","site-content-style":"default","site-sidebar-style":"default","ast-global-header-display":"","ast-banner-title-visibility":"","ast-main-header-display":"","ast-hfb-above-header-display":"","ast-hfb-below-header-display":"","ast-hfb-mobile-header-display":"","site-post-title":"","ast-breadcrumbs-content":"","ast-featured-img":"","footer-sml-layout":"","theme-transparent-header-meta":"default","adv-header-id-meta":"","stick-header-meta":"","header-above-stick-meta":"","header-main-stick-meta":"","header-below-stick-meta":"","astra-migrate-meta-layouts":"default","ast-page-background-enabled":"default","ast-page-background-meta":{"desktop":{"background-color":"var(--ast-global-color-4)","background-image":"","background-repeat":"repeat","background-position":"center center","background-size":"auto","background-attachment":"scroll","background-type":"","background-media":"","overlay-type":"","overlay-color":"","overlay-opacity":"","overlay-gradient":""},"tablet":{"background-color":"","background-image":"","background-repeat":"repeat","background-position":"center center","background-size":"auto","background-attachment":"scroll","background-type":"","background-media":"","overlay-type":"","overlay-color":"","overlay-opacity":"","overlay-gradient":""},"mobile":{"background-color":"","background-image":"","background-repeat":"repeat","background-position":"center center","background-size":"auto","background-attachment":"scroll","background-type":"","background-media":"","overlay-type":"","overlay-color":"","overlay-opacity":"","overlay-gradient":""}},"ast-content-background-meta":{"desktop":{"background-color":"var(--ast-global-color-5)","background-image":"","background-repeat":"repeat","background-position":"center center","background-size":"auto","background-attachment":"scroll","background-type":"","background-media":"","overlay-type":"","overlay-color":"","overlay-opacity":"","overlay-gradient":""},"tablet":{"background-color":"var(--ast-global-color-5)","background-image":"","background-repeat":"repeat","background-position":"center center","background-size":"auto","background-attachment":"scroll","background-type":"","background-media":"","overlay-type":"","overlay-color":"","overlay-opacity":"","overlay-gradient":""},"mobile":{"background-color":"var(--ast-global-color-5)","background-image":"","background-repeat":"repeat","background-position":"center center","background-size":"auto","background-attachment":"scroll","background-type":"","background-media":"","overlay-type":"","overlay-color":"","overlay-opacity":"","overlay-gradient":""}}},"product_brand":[],"product_cat":[168],"product_tag":[],"class_list":{"0":"post-3636","1":"product","2":"type-product","3":"status-publish","4":"has-post-thumbnail","6":"product_cat-coches-de-multiples-usos","7":"desktop-align-left","8":"tablet-align-left","9":"mobile-align-left","11":"first","12":"instock","13":"shipping-taxable","14":"product-type-simple"},"acf":[],"_links":{"self":[{"href":"https:\/\/jhsperu.com\/en\/wp-json\/wp\/v2\/product\/3636","targetHints":{"allow":["GET"]}}],"collection":[{"href":"https:\/\/jhsperu.com\/en\/wp-json\/wp\/v2\/product"}],"about":[{"href":"https:\/\/jhsperu.com\/en\/wp-json\/wp\/v2\/types\/product"}],"wp:featuredmedia":[{"embeddable":true,"href":"https:\/\/jhsperu.com\/en\/wp-json\/wp\/v2\/media\/951"}],"wp:attachment":[{"href":"https:\/\/jhsperu.com\/en\/wp-json\/wp\/v2\/media?parent=3636"}],"wp:term":[{"taxonomy":"product_brand","embeddable":true,"href":"https:\/\/jhsperu.com\/en\/wp-json\/wp\/v2\/product_brand?post=3636"},{"taxonomy":"product_cat","embeddable":true,"href":"https:\/\/jhsperu.com\/en\/wp-json\/wp\/v2\/product_cat?post=3636"},{"taxonomy":"product_tag","embeddable":true,"href":"https:\/\/jhsperu.com\/en\/wp-json\/wp\/v2\/product_tag?post=3636"}],"curies":[{"name":"wp","href":"https:\/\/api.w.org\/{rel}","templated":true}]}}