{"id":3626,"date":"2023-11-09T06:01:48","date_gmt":"2023-11-09T06:01:48","guid":{"rendered":"https:\/\/jhsperu.com\/?post_type=product&#038;p=3626"},"modified":"2024-02-03T14:43:00","modified_gmt":"2024-02-03T14:43:00","slug":"coche-de-curaciones-con-tablero-melamine-y-gavetas","status":"publish","type":"product","link":"https:\/\/jhsperu.com\/en\/product\/coche-de-curaciones-con-tablero-melamine-y-gavetas\/","title":{"rendered":"Coche de curaciones con tablero melamine y gavetas"},"content":{"rendered":"<h6>El Coche de curaciones con tablero melamine y gavetas cuenta con las siguientes caracter\u00edsticas:<\/h6>\n<ul>\n<li>Lleva dos gavetas en la parte inferior del tablero superior de melamina, de f\u00e1cil deslizamiento con correderas telesc\u00f3picas.<\/li>\n<li>Tiradores de acero inoxidable para f\u00e1cil deslizamiento de cajonera.<\/li>\n<li>Patas de tubo cuadrado de acero.<\/li>\n<li>Cuatro garruchas de 2p\u201d para un mejor desplazamiento.<\/li>\n<li>Tableros enchapados en acero inoxidable.<\/li>\n<li>Pintura resistente a la oxidaci\u00f3n y los golpes.<\/li>\n<li>Barandillas de protecci\u00f3n de acero inoxidable. Distribuidas en los tres lados de cada tablero.<\/li>\n<\/ul>","protected":false},"excerpt":{"rendered":"<p>El Coche de curaciones con tablero melamine y gavetas cuenta con las siguientes caracter\u00edsticas: Lleva dos gavetas en la parte inferior del tablero superior de melamina, de f\u00e1cil deslizamiento con correderas telesc\u00f3picas. Tiradores de acero inoxidable para f\u00e1cil deslizamiento de cajonera. Patas de tubo cuadrado de acero. Cuatro garruchas de 2p\u201d para un mejor desplazamiento. [&hellip;]<\/p>","protected":false},"featured_media":931,"template":"","meta":{"_acf_changed":false,"content-type":"","site-sidebar-layout":"default","site-content-layout":"default","ast-site-content-layout":"default","site-content-style":"default","site-sidebar-style":"default","ast-global-header-display":"","ast-banner-title-visibility":"","ast-main-header-display":"","ast-hfb-above-header-display":"","ast-hfb-below-header-display":"","ast-hfb-mobile-header-display":"","site-post-title":"","ast-breadcrumbs-content":"","ast-featured-img":"","footer-sml-layout":"","theme-transparent-header-meta":"default","adv-header-id-meta":"","stick-header-meta":"","header-above-stick-meta":"","header-main-stick-meta":"","header-below-stick-meta":"","astra-migrate-meta-layouts":"default","ast-page-background-enabled":"default","ast-page-background-meta":{"desktop":{"background-color":"var(--ast-global-color-4)","background-image":"","background-repeat":"repeat","background-position":"center center","background-size":"auto","background-attachment":"scroll","background-type":"","background-media":"","overlay-type":"","overlay-color":"","overlay-opacity":"","overlay-gradient":""},"tablet":{"background-color":"","background-image":"","background-repeat":"repeat","background-position":"center center","background-size":"auto","background-attachment":"scroll","background-type":"","background-media":"","overlay-type":"","overlay-color":"","overlay-opacity":"","overlay-gradient":""},"mobile":{"background-color":"","background-image":"","background-repeat":"repeat","background-position":"center center","background-size":"auto","background-attachment":"scroll","background-type":"","background-media":"","overlay-type":"","overlay-color":"","overlay-opacity":"","overlay-gradient":""}},"ast-content-background-meta":{"desktop":{"background-color":"var(--ast-global-color-5)","background-image":"","background-repeat":"repeat","background-position":"center center","background-size":"auto","background-attachment":"scroll","background-type":"","background-media":"","overlay-type":"","overlay-color":"","overlay-opacity":"","overlay-gradient":""},"tablet":{"background-color":"var(--ast-global-color-5)","background-image":"","background-repeat":"repeat","background-position":"center center","background-size":"auto","background-attachment":"scroll","background-type":"","background-media":"","overlay-type":"","overlay-color":"","overlay-opacity":"","overlay-gradient":""},"mobile":{"background-color":"var(--ast-global-color-5)","background-image":"","background-repeat":"repeat","background-position":"center center","background-size":"auto","background-attachment":"scroll","background-type":"","background-media":"","overlay-type":"","overlay-color":"","overlay-opacity":"","overlay-gradient":""}}},"product_brand":[],"product_cat":[166],"product_tag":[],"class_list":{"0":"post-3626","1":"product","2":"type-product","3":"status-publish","4":"has-post-thumbnail","6":"product_cat-coche-de-curaciones-con-gavetas","7":"desktop-align-left","8":"tablet-align-left","9":"mobile-align-left","11":"first","12":"instock","13":"shipping-taxable","14":"product-type-simple"},"acf":[],"_links":{"self":[{"href":"https:\/\/jhsperu.com\/en\/wp-json\/wp\/v2\/product\/3626","targetHints":{"allow":["GET"]}}],"collection":[{"href":"https:\/\/jhsperu.com\/en\/wp-json\/wp\/v2\/product"}],"about":[{"href":"https:\/\/jhsperu.com\/en\/wp-json\/wp\/v2\/types\/product"}],"wp:featuredmedia":[{"embeddable":true,"href":"https:\/\/jhsperu.com\/en\/wp-json\/wp\/v2\/media\/931"}],"wp:attachment":[{"href":"https:\/\/jhsperu.com\/en\/wp-json\/wp\/v2\/media?parent=3626"}],"wp:term":[{"taxonomy":"product_brand","embeddable":true,"href":"https:\/\/jhsperu.com\/en\/wp-json\/wp\/v2\/product_brand?post=3626"},{"taxonomy":"product_cat","embeddable":true,"href":"https:\/\/jhsperu.com\/en\/wp-json\/wp\/v2\/product_cat?post=3626"},{"taxonomy":"product_tag","embeddable":true,"href":"https:\/\/jhsperu.com\/en\/wp-json\/wp\/v2\/product_tag?post=3626"}],"curies":[{"name":"wp","href":"https:\/\/api.w.org\/{rel}","templated":true}]}}