{"id":3606,"date":"2023-11-09T06:01:47","date_gmt":"2023-11-09T06:01:47","guid":{"rendered":"https:\/\/jhsperu.com\/?post_type=product&#038;p=3606"},"modified":"2024-02-03T15:06:58","modified_gmt":"2024-02-03T15:06:58","slug":"camilla-de-transporte-modelo-bp","status":"publish","type":"product","link":"https:\/\/jhsperu.com\/en\/product\/camilla-de-transporte-modelo-bp\/","title":{"rendered":"Camilla de transporte Modelo BP"},"content":{"rendered":"<h6>La Camilla de transporte Modelo BP cuenta con las siguientes caracter\u00edsticas:<\/h6>\n<ul>\n<li>La estructura es s\u00f3lida.<\/li>\n<li>Barandas plegables met\u00e1lico de gran utilidad<\/li>\n<li>Jebe anti-choque, amortiguador de alto impacto.<\/li>\n<li>Cremalleras para regular la altura de la cabecera.<\/li>\n<li>Brindamos siempre las herramientas necesarias al profesional de la salud en servicio del paciente.<\/li>\n<\/ul>","protected":false},"excerpt":{"rendered":"<p>La Camilla de transporte Modelo BP cuenta con las siguientes caracter\u00edsticas: La estructura es s\u00f3lida. Barandas plegables met\u00e1lico de gran utilidad Jebe anti-choque, amortiguador de alto impacto. Cremalleras para regular la altura de la cabecera. Brindamos siempre las herramientas necesarias al profesional de la salud en servicio del paciente.<\/p>","protected":false},"featured_media":907,"template":"","meta":{"_acf_changed":false,"content-type":"","site-sidebar-layout":"default","site-content-layout":"default","ast-site-content-layout":"default","site-content-style":"default","site-sidebar-style":"default","ast-global-header-display":"","ast-banner-title-visibility":"","ast-main-header-display":"","ast-hfb-above-header-display":"","ast-hfb-below-header-display":"","ast-hfb-mobile-header-display":"","site-post-title":"","ast-breadcrumbs-content":"","ast-featured-img":"","footer-sml-layout":"","theme-transparent-header-meta":"default","adv-header-id-meta":"","stick-header-meta":"","header-above-stick-meta":"","header-main-stick-meta":"","header-below-stick-meta":"","astra-migrate-meta-layouts":"default","ast-page-background-enabled":"default","ast-page-background-meta":{"desktop":{"background-color":"var(--ast-global-color-4)","background-image":"","background-repeat":"repeat","background-position":"center center","background-size":"auto","background-attachment":"scroll","background-type":"","background-media":"","overlay-type":"","overlay-color":"","overlay-opacity":"","overlay-gradient":""},"tablet":{"background-color":"","background-image":"","background-repeat":"repeat","background-position":"center center","background-size":"auto","background-attachment":"scroll","background-type":"","background-media":"","overlay-type":"","overlay-color":"","overlay-opacity":"","overlay-gradient":""},"mobile":{"background-color":"","background-image":"","background-repeat":"repeat","background-position":"center center","background-size":"auto","background-attachment":"scroll","background-type":"","background-media":"","overlay-type":"","overlay-color":"","overlay-opacity":"","overlay-gradient":""}},"ast-content-background-meta":{"desktop":{"background-color":"var(--ast-global-color-5)","background-image":"","background-repeat":"repeat","background-position":"center center","background-size":"auto","background-attachment":"scroll","background-type":"","background-media":"","overlay-type":"","overlay-color":"","overlay-opacity":"","overlay-gradient":""},"tablet":{"background-color":"var(--ast-global-color-5)","background-image":"","background-repeat":"repeat","background-position":"center center","background-size":"auto","background-attachment":"scroll","background-type":"","background-media":"","overlay-type":"","overlay-color":"","overlay-opacity":"","overlay-gradient":""},"mobile":{"background-color":"var(--ast-global-color-5)","background-image":"","background-repeat":"repeat","background-position":"center center","background-size":"auto","background-attachment":"scroll","background-type":"","background-media":"","overlay-type":"","overlay-color":"","overlay-opacity":"","overlay-gradient":""}}},"product_brand":[],"product_cat":[158],"product_tag":[],"class_list":{"0":"post-3606","1":"product","2":"type-product","3":"status-publish","4":"has-post-thumbnail","6":"product_cat-camillas-de-transporte","7":"desktop-align-left","8":"tablet-align-left","9":"mobile-align-left","11":"first","12":"instock","13":"shipping-taxable","14":"product-type-simple"},"acf":[],"_links":{"self":[{"href":"https:\/\/jhsperu.com\/en\/wp-json\/wp\/v2\/product\/3606","targetHints":{"allow":["GET"]}}],"collection":[{"href":"https:\/\/jhsperu.com\/en\/wp-json\/wp\/v2\/product"}],"about":[{"href":"https:\/\/jhsperu.com\/en\/wp-json\/wp\/v2\/types\/product"}],"wp:featuredmedia":[{"embeddable":true,"href":"https:\/\/jhsperu.com\/en\/wp-json\/wp\/v2\/media\/907"}],"wp:attachment":[{"href":"https:\/\/jhsperu.com\/en\/wp-json\/wp\/v2\/media?parent=3606"}],"wp:term":[{"taxonomy":"product_brand","embeddable":true,"href":"https:\/\/jhsperu.com\/en\/wp-json\/wp\/v2\/product_brand?post=3606"},{"taxonomy":"product_cat","embeddable":true,"href":"https:\/\/jhsperu.com\/en\/wp-json\/wp\/v2\/product_cat?post=3606"},{"taxonomy":"product_tag","embeddable":true,"href":"https:\/\/jhsperu.com\/en\/wp-json\/wp\/v2\/product_tag?post=3606"}],"curies":[{"name":"wp","href":"https:\/\/api.w.org\/{rel}","templated":true}]}}