{"id":3598,"date":"2023-11-09T06:01:46","date_gmt":"2023-11-09T06:01:46","guid":{"rendered":"https:\/\/jhsperu.com\/?post_type=product&#038;p=3598"},"modified":"2024-02-03T15:37:11","modified_gmt":"2024-02-03T15:37:11","slug":"camilla-hidraulica-modelo-sin-manivelas","status":"publish","type":"product","link":"https:\/\/jhsperu.com\/en\/product\/camilla-hidraulica-modelo-sin-manivelas\/","title":{"rendered":"Camilla hidr\u00e1ulica Modelo Sin manivelas"},"content":{"rendered":"<h6>La Camilla hidr\u00e1ulica Modelo Sin manivelas cuenta con las siguientes caracter\u00edsticas:<\/h6>\n<ul>\n<li>Este modelo es usado en \u00e1reas de emergencia<\/li>\n<li>Cuenta con diversos movimientos que permiten al profesional de la salud realizar de manera correcta, procedimientos menores.<\/li>\n<li>As\u00ed mismo brinda confort al paciente durante su estancia, cuenta con frenos independientes centralizados<\/li>\n<\/ul>","protected":false},"excerpt":{"rendered":"<p>La Camilla hidr\u00e1ulica Modelo Sin manivelas cuenta con las siguientes caracter\u00edsticas: Este modelo es usado en \u00e1reas de emergencia Cuenta con diversos movimientos que permiten al profesional de la salud realizar de manera correcta, procedimientos menores. As\u00ed mismo brinda confort al paciente durante su estancia, cuenta con frenos independientes centralizados<\/p>","protected":false},"featured_media":895,"template":"","meta":{"_acf_changed":false,"content-type":"","site-sidebar-layout":"default","site-content-layout":"default","ast-site-content-layout":"default","site-content-style":"default","site-sidebar-style":"default","ast-global-header-display":"","ast-banner-title-visibility":"","ast-main-header-display":"","ast-hfb-above-header-display":"","ast-hfb-below-header-display":"","ast-hfb-mobile-header-display":"","site-post-title":"","ast-breadcrumbs-content":"","ast-featured-img":"","footer-sml-layout":"","theme-transparent-header-meta":"default","adv-header-id-meta":"","stick-header-meta":"","header-above-stick-meta":"","header-main-stick-meta":"","header-below-stick-meta":"","astra-migrate-meta-layouts":"default","ast-page-background-enabled":"default","ast-page-background-meta":{"desktop":{"background-color":"var(--ast-global-color-4)","background-image":"","background-repeat":"repeat","background-position":"center center","background-size":"auto","background-attachment":"scroll","background-type":"","background-media":"","overlay-type":"","overlay-color":"","overlay-opacity":"","overlay-gradient":""},"tablet":{"background-color":"","background-image":"","background-repeat":"repeat","background-position":"center center","background-size":"auto","background-attachment":"scroll","background-type":"","background-media":"","overlay-type":"","overlay-color":"","overlay-opacity":"","overlay-gradient":""},"mobile":{"background-color":"","background-image":"","background-repeat":"repeat","background-position":"center center","background-size":"auto","background-attachment":"scroll","background-type":"","background-media":"","overlay-type":"","overlay-color":"","overlay-opacity":"","overlay-gradient":""}},"ast-content-background-meta":{"desktop":{"background-color":"var(--ast-global-color-5)","background-image":"","background-repeat":"repeat","background-position":"center center","background-size":"auto","background-attachment":"scroll","background-type":"","background-media":"","overlay-type":"","overlay-color":"","overlay-opacity":"","overlay-gradient":""},"tablet":{"background-color":"var(--ast-global-color-5)","background-image":"","background-repeat":"repeat","background-position":"center center","background-size":"auto","background-attachment":"scroll","background-type":"","background-media":"","overlay-type":"","overlay-color":"","overlay-opacity":"","overlay-gradient":""},"mobile":{"background-color":"var(--ast-global-color-5)","background-image":"","background-repeat":"repeat","background-position":"center center","background-size":"auto","background-attachment":"scroll","background-type":"","background-media":"","overlay-type":"","overlay-color":"","overlay-opacity":"","overlay-gradient":""}}},"product_brand":[],"product_cat":[157],"product_tag":[],"class_list":{"0":"post-3598","1":"product","2":"type-product","3":"status-publish","4":"has-post-thumbnail","6":"product_cat-camas-camillas-hidraulicas","7":"desktop-align-left","8":"tablet-align-left","9":"mobile-align-left","11":"first","12":"instock","13":"shipping-taxable","14":"product-type-simple"},"acf":[],"_links":{"self":[{"href":"https:\/\/jhsperu.com\/en\/wp-json\/wp\/v2\/product\/3598","targetHints":{"allow":["GET"]}}],"collection":[{"href":"https:\/\/jhsperu.com\/en\/wp-json\/wp\/v2\/product"}],"about":[{"href":"https:\/\/jhsperu.com\/en\/wp-json\/wp\/v2\/types\/product"}],"wp:featuredmedia":[{"embeddable":true,"href":"https:\/\/jhsperu.com\/en\/wp-json\/wp\/v2\/media\/895"}],"wp:attachment":[{"href":"https:\/\/jhsperu.com\/en\/wp-json\/wp\/v2\/media?parent=3598"}],"wp:term":[{"taxonomy":"product_brand","embeddable":true,"href":"https:\/\/jhsperu.com\/en\/wp-json\/wp\/v2\/product_brand?post=3598"},{"taxonomy":"product_cat","embeddable":true,"href":"https:\/\/jhsperu.com\/en\/wp-json\/wp\/v2\/product_cat?post=3598"},{"taxonomy":"product_tag","embeddable":true,"href":"https:\/\/jhsperu.com\/en\/wp-json\/wp\/v2\/product_tag?post=3598"}],"curies":[{"name":"wp","href":"https:\/\/api.w.org\/{rel}","templated":true}]}}