{"id":3597,"date":"2023-11-09T06:01:41","date_gmt":"2023-11-09T06:01:41","guid":{"rendered":"https:\/\/jhsperu.com\/?post_type=product&#038;p=3597"},"modified":"2024-02-02T20:57:08","modified_gmt":"2024-02-02T20:57:08","slug":"cama-clinica-modelo-bidepestacion","status":"publish","type":"product","link":"https:\/\/jhsperu.com\/en\/product\/cama-clinica-modelo-bidepestacion\/","title":{"rendered":"Cama cl\u00ednica Modelo Bidepestaci\u00f3n"},"content":{"rendered":"<p>La Cama cl\u00ednica Modelo Bidepestaci\u00f3n es para el uso en la \u00c1reas de UCI y Cuidados Intermedios, con sistema de bipedestaci\u00f3n y posici\u00f3n silla cardiaca, plataforma del paciente radiotransparente dividida en 4 secciones, comando de control al\u00e1mbrico, altura regulable, balanza digital incorporada,, movimiento Trendelemburg y anti-trendelemburg, movimiento RCP en caso de emergencia, nivelador de somier para precisar la posici\u00f3n del somier; sistema de freno centralizado de f\u00e1cil activaci\u00f3n.<\/p>","protected":false},"excerpt":{"rendered":"<p>La Cama cl\u00ednica Modelo Bidepestaci\u00f3n es para el uso en la \u00c1reas de UCI y Cuidados Intermedios, con sistema de bipedestaci\u00f3n y posici\u00f3n silla cardiaca, plataforma del paciente radiotransparente dividida en 4 secciones, comando de control al\u00e1mbrico, altura regulable, balanza digital incorporada,, movimiento Trendelemburg y anti-trendelemburg, movimiento RCP en caso de emergencia, nivelador de somier [&hellip;]<\/p>","protected":false},"featured_media":887,"template":"","meta":{"_acf_changed":false,"content-type":"","site-sidebar-layout":"default","site-content-layout":"default","ast-site-content-layout":"default","site-content-style":"default","site-sidebar-style":"default","ast-global-header-display":"","ast-banner-title-visibility":"","ast-main-header-display":"","ast-hfb-above-header-display":"","ast-hfb-below-header-display":"","ast-hfb-mobile-header-display":"","site-post-title":"","ast-breadcrumbs-content":"","ast-featured-img":"","footer-sml-layout":"","theme-transparent-header-meta":"default","adv-header-id-meta":"","stick-header-meta":"","header-above-stick-meta":"","header-main-stick-meta":"","header-below-stick-meta":"","astra-migrate-meta-layouts":"default","ast-page-background-enabled":"default","ast-page-background-meta":{"desktop":{"background-color":"var(--ast-global-color-4)","background-image":"","background-repeat":"repeat","background-position":"center center","background-size":"auto","background-attachment":"scroll","background-type":"","background-media":"","overlay-type":"","overlay-color":"","overlay-opacity":"","overlay-gradient":""},"tablet":{"background-color":"","background-image":"","background-repeat":"repeat","background-position":"center center","background-size":"auto","background-attachment":"scroll","background-type":"","background-media":"","overlay-type":"","overlay-color":"","overlay-opacity":"","overlay-gradient":""},"mobile":{"background-color":"","background-image":"","background-repeat":"repeat","background-position":"center center","background-size":"auto","background-attachment":"scroll","background-type":"","background-media":"","overlay-type":"","overlay-color":"","overlay-opacity":"","overlay-gradient":""}},"ast-content-background-meta":{"desktop":{"background-color":"var(--ast-global-color-5)","background-image":"","background-repeat":"repeat","background-position":"center center","background-size":"auto","background-attachment":"scroll","background-type":"","background-media":"","overlay-type":"","overlay-color":"","overlay-opacity":"","overlay-gradient":""},"tablet":{"background-color":"var(--ast-global-color-5)","background-image":"","background-repeat":"repeat","background-position":"center center","background-size":"auto","background-attachment":"scroll","background-type":"","background-media":"","overlay-type":"","overlay-color":"","overlay-opacity":"","overlay-gradient":""},"mobile":{"background-color":"var(--ast-global-color-5)","background-image":"","background-repeat":"repeat","background-position":"center center","background-size":"auto","background-attachment":"scroll","background-type":"","background-media":"","overlay-type":"","overlay-color":"","overlay-opacity":"","overlay-gradient":""}}},"product_brand":[],"product_cat":[156],"product_tag":[],"class_list":{"0":"post-3597","1":"product","2":"type-product","3":"status-publish","4":"has-post-thumbnail","6":"product_cat-camas-electricas","7":"desktop-align-left","8":"tablet-align-left","9":"mobile-align-left","11":"first","12":"instock","13":"shipping-taxable","14":"product-type-simple"},"acf":[],"_links":{"self":[{"href":"https:\/\/jhsperu.com\/en\/wp-json\/wp\/v2\/product\/3597","targetHints":{"allow":["GET"]}}],"collection":[{"href":"https:\/\/jhsperu.com\/en\/wp-json\/wp\/v2\/product"}],"about":[{"href":"https:\/\/jhsperu.com\/en\/wp-json\/wp\/v2\/types\/product"}],"wp:featuredmedia":[{"embeddable":true,"href":"https:\/\/jhsperu.com\/en\/wp-json\/wp\/v2\/media\/887"}],"wp:attachment":[{"href":"https:\/\/jhsperu.com\/en\/wp-json\/wp\/v2\/media?parent=3597"}],"wp:term":[{"taxonomy":"product_brand","embeddable":true,"href":"https:\/\/jhsperu.com\/en\/wp-json\/wp\/v2\/product_brand?post=3597"},{"taxonomy":"product_cat","embeddable":true,"href":"https:\/\/jhsperu.com\/en\/wp-json\/wp\/v2\/product_cat?post=3597"},{"taxonomy":"product_tag","embeddable":true,"href":"https:\/\/jhsperu.com\/en\/wp-json\/wp\/v2\/product_tag?post=3597"}],"curies":[{"name":"wp","href":"https:\/\/api.w.org\/{rel}","templated":true}]}}