{"id":349,"date":"2022-04-05T20:04:45","date_gmt":"2022-04-05T20:04:45","guid":{"rendered":"https:\/\/jhsperu.com\/?page_id=349"},"modified":"2025-12-30T15:27:25","modified_gmt":"2025-12-30T15:27:25","slug":"nosotros","status":"publish","type":"page","link":"https:\/\/jhsperu.com\/en\/nosotros\/","title":{"rendered":"Nosotros"},"content":{"rendered":"<div data-elementor-type=\"wp-page\" data-elementor-id=\"349\" class=\"elementor elementor-349\" data-elementor-post-type=\"page\">\n\t\t\t\t\t\t<section class=\"elementor-section elementor-top-section elementor-element elementor-element-2aea52c elementor-section-boxed elementor-section-height-default elementor-section-height-default\" data-id=\"2aea52c\" data-element_type=\"section\" data-e-type=\"section\">\n\t\t\t\t\t\t<div class=\"elementor-container elementor-column-gap-default\">\n\t\t\t\t\t<div class=\"elementor-column elementor-col-50 elementor-top-column elementor-element elementor-element-2ee12bd\" data-id=\"2ee12bd\" data-element_type=\"column\" data-e-type=\"column\">\n\t\t\t<div class=\"elementor-widget-wrap elementor-element-populated\">\n\t\t\t\t\t\t<div class=\"elementor-element elementor-element-d086a8d elementor-widget elementor-widget-heading\" data-id=\"d086a8d\" data-element_type=\"widget\" data-e-type=\"widget\" data-widget_type=\"heading.default\">\n\t\t\t\t<div class=\"elementor-widget-container\">\n\t\t\t\t\t<h2 class=\"elementor-heading-title elementor-size-default\">Qui\u00e9nes somos<\/h2>\t\t\t\t<\/div>\n\t\t\t\t<\/div>\n\t\t\t\t<div class=\"elementor-element elementor-element-f579dbe elementor-widget elementor-widget-text-editor\" data-id=\"f579dbe\" data-element_type=\"widget\" data-e-type=\"widget\" data-widget_type=\"text-editor.default\">\n\t\t\t\t<div class=\"elementor-widget-container\">\n\t\t\t\t\t\t\t\t\t<p>Creada en el a\u00f1o de 1969, la marca JHS l\u00edder fabricante de productos de la m\u00e1s alta calidad en el mercado nacional e internacional, due\u00f1os de una innovadora evoluci\u00f3n basadas en los avances tecnol\u00f3gicos, con nuevos desarrollos y dise\u00f1os de productos producidos para satisfacer las m\u00e1s altas exigencias solicitadas por nuestros clientes y amigos, por quienes guardamos la mayor consideraci\u00f3n y gratitud; brind\u00e1ndoles equipamiento para sus especialidades, a un precio justo, que en el tiempo tendr\u00e1n un importante ahorro debido a lo duradero y funcional de nuestros productos.<\/p>\t\t\t\t\t\t\t\t<\/div>\n\t\t\t\t<\/div>\n\t\t\t\t\t<\/div>\n\t\t<\/div>\n\t\t\t\t<div class=\"elementor-column elementor-col-50 elementor-top-column elementor-element elementor-element-5c84161\" data-id=\"5c84161\" data-element_type=\"column\" data-e-type=\"column\">\n\t\t\t<div class=\"elementor-widget-wrap elementor-element-populated\">\n\t\t\t\t\t\t<div class=\"elementor-element elementor-element-1ffeb01 elementor-widget elementor-widget-image\" data-id=\"1ffeb01\" data-element_type=\"widget\" data-e-type=\"widget\" data-widget_type=\"image.default\">\n\t\t\t\t<div class=\"elementor-widget-container\">\n\t\t\t\t\t\t\t\t\t\t\t\t\t\t\t<img fetchpriority=\"high\" decoding=\"async\" width=\"1920\" height=\"1025\" src=\"https:\/\/jhsperu.com\/wp-content\/uploads\/2024\/01\/equipamiento.jpg\" class=\"attachment-full size-full wp-image-3983\" alt=\"\" srcset=\"https:\/\/jhsperu.com\/wp-content\/uploads\/2024\/01\/equipamiento.jpg 1920w, https:\/\/jhsperu.com\/wp-content\/uploads\/2024\/01\/equipamiento-300x160.jpg 300w, https:\/\/jhsperu.com\/wp-content\/uploads\/2024\/01\/equipamiento-1024x547.jpg 1024w, https:\/\/jhsperu.com\/wp-content\/uploads\/2024\/01\/equipamiento-768x410.jpg 768w, https:\/\/jhsperu.com\/wp-content\/uploads\/2024\/01\/equipamiento-1536x820.jpg 1536w, https:\/\/jhsperu.com\/wp-content\/uploads\/2024\/01\/equipamiento-18x10.jpg 18w, https:\/\/jhsperu.com\/wp-content\/uploads\/2024\/01\/equipamiento-500x267.jpg 500w, https:\/\/jhsperu.com\/wp-content\/uploads\/2024\/01\/equipamiento-600x320.jpg 600w\" sizes=\"(max-width: 1920px) 100vw, 1920px\" \/>\t\t\t\t\t\t\t\t\t\t\t\t\t\t\t<\/div>\n\t\t\t\t<\/div>\n\t\t\t\t\t<\/div>\n\t\t<\/div>\n\t\t\t\t\t<\/div>\n\t\t<\/section>\n\t\t\t\t<section class=\"elementor-section elementor-top-section elementor-element elementor-element-ee4674c elementor-section-boxed elementor-section-height-default elementor-section-height-default\" data-id=\"ee4674c\" data-element_type=\"section\" data-e-type=\"section\">\n\t\t\t\t\t\t<div class=\"elementor-container elementor-column-gap-default\">\n\t\t\t\t\t<div class=\"elementor-column elementor-col-50 elementor-top-column elementor-element elementor-element-bde4826\" data-id=\"bde4826\" data-element_type=\"column\" data-e-type=\"column\" data-settings=\"{&quot;background_background&quot;:&quot;classic&quot;}\">\n\t\t\t<div class=\"elementor-widget-wrap elementor-element-populated\">\n\t\t\t\t\t\t<div class=\"elementor-element elementor-element-0346a06 elementor-widget elementor-widget-heading\" data-id=\"0346a06\" data-element_type=\"widget\" data-e-type=\"widget\" data-widget_type=\"heading.default\">\n\t\t\t\t<div class=\"elementor-widget-container\">\n\t\t\t\t\t<h2 class=\"elementor-heading-title elementor-size-default\">Misi\u00f3n<\/h2>\t\t\t\t<\/div>\n\t\t\t\t<\/div>\n\t\t\t\t<div class=\"elementor-element elementor-element-3232072 elementor-widget elementor-widget-text-editor\" data-id=\"3232072\" data-element_type=\"widget\" data-e-type=\"widget\" data-widget_type=\"text-editor.default\">\n\t\t\t\t<div class=\"elementor-widget-container\">\n\t\t\t\t\t\t\t\t\t<p>Somos una empresa metal mec\u00e1nica dedicada al dise\u00f1o, fabricaci\u00f3n y distribuci\u00f3n de mobiliario m\u00e9dico, oficina y educativo, desarrollando tecnolog\u00eda innovadora para brindar confort, y coadyuvar a mejorar la calidad de equipos y mobiliario a favor de nuestros clientes, amigos e instituciones.<\/p>\t\t\t\t\t\t\t\t<\/div>\n\t\t\t\t<\/div>\n\t\t\t\t\t<\/div>\n\t\t<\/div>\n\t\t\t\t<div class=\"elementor-column elementor-col-50 elementor-top-column elementor-element elementor-element-b9ee76c\" data-id=\"b9ee76c\" data-element_type=\"column\" data-e-type=\"column\" data-settings=\"{&quot;background_background&quot;:&quot;classic&quot;}\">\n\t\t\t<div class=\"elementor-widget-wrap elementor-element-populated\">\n\t\t\t\t\t\t<div class=\"elementor-element elementor-element-e6d7147 elementor-widget elementor-widget-heading\" data-id=\"e6d7147\" data-element_type=\"widget\" data-e-type=\"widget\" data-widget_type=\"heading.default\">\n\t\t\t\t<div class=\"elementor-widget-container\">\n\t\t\t\t\t<h2 class=\"elementor-heading-title elementor-size-default\">Visi\u00f3n<\/h2>\t\t\t\t<\/div>\n\t\t\t\t<\/div>\n\t\t\t\t<div class=\"elementor-element elementor-element-ba8e8e9 elementor-widget elementor-widget-text-editor\" data-id=\"ba8e8e9\" data-element_type=\"widget\" data-e-type=\"widget\" data-widget_type=\"text-editor.default\">\n\t\t\t\t<div class=\"elementor-widget-container\">\n\t\t\t\t\t\t\t\t\t<p>Ser l\u00edder entre los mejores fabricantes de mobiliario de dise\u00f1os propios, en el mercado peruano e internacional, con productos exclusivos de alta calidad y tecnolog\u00eda, realizado en espacios seguros de trabajo y preservando el medio ambiente.<\/p>\t\t\t\t\t\t\t\t<\/div>\n\t\t\t\t<\/div>\n\t\t\t\t\t<\/div>\n\t\t<\/div>\n\t\t\t\t\t<\/div>\n\t\t<\/section>\n\t\t\t\t<section class=\"elementor-section elementor-top-section elementor-element elementor-element-22fba95 elementor-section-boxed elementor-section-height-default elementor-section-height-default\" data-id=\"22fba95\" data-element_type=\"section\" data-e-type=\"section\">\n\t\t\t\t\t\t<div class=\"elementor-container elementor-column-gap-default\">\n\t\t\t\t\t<div class=\"elementor-column elementor-col-16 elementor-top-column elementor-element elementor-element-757e952\" data-id=\"757e952\" data-element_type=\"column\" data-e-type=\"column\">\n\t\t\t<div class=\"elementor-widget-wrap\">\n\t\t\t\t\t\t\t<\/div>\n\t\t<\/div>\n\t\t\t\t<div class=\"elementor-column elementor-col-66 elementor-top-column elementor-element elementor-element-7173cdb\" data-id=\"7173cdb\" data-element_type=\"column\" data-e-type=\"column\">\n\t\t\t<div class=\"elementor-widget-wrap elementor-element-populated\">\n\t\t\t\t\t\t<div class=\"elementor-element elementor-element-8075748 elementor-widget elementor-widget-video\" data-id=\"8075748\" data-element_type=\"widget\" data-e-type=\"widget\" data-settings=\"{&quot;youtube_url&quot;:&quot;https:\\\/\\\/youtu.be\\\/W8CMjRrXR0E&quot;,&quot;autoplay&quot;:&quot;yes&quot;,&quot;play_on_mobile&quot;:&quot;yes&quot;,&quot;video_type&quot;:&quot;youtube&quot;}\" data-widget_type=\"video.default\">\n\t\t\t\t<div class=\"elementor-widget-container\">\n\t\t\t\t\t\t\t<div class=\"elementor-wrapper elementor-open-inline\">\n\t\t\t<div class=\"elementor-video\"><\/div>\t\t<\/div>\n\t\t\t\t\t\t<\/div>\n\t\t\t\t<\/div>\n\t\t\t\t\t<\/div>\n\t\t<\/div>\n\t\t\t\t<div class=\"elementor-column elementor-col-16 elementor-top-column elementor-element elementor-element-2807565\" data-id=\"2807565\" data-element_type=\"column\" data-e-type=\"column\">\n\t\t\t<div class=\"elementor-widget-wrap\">\n\t\t\t\t\t\t\t<\/div>\n\t\t<\/div>\n\t\t\t\t\t<\/div>\n\t\t<\/section>\n\t\t\t\t<section class=\"elementor-section elementor-top-section elementor-element elementor-element-0564c6d elementor-section-boxed elementor-section-height-default elementor-section-height-default\" data-id=\"0564c6d\" data-element_type=\"section\" data-e-type=\"section\">\n\t\t\t\t\t\t<div class=\"elementor-container elementor-column-gap-default\">\n\t\t\t\t\t<div class=\"elementor-column elementor-col-100 elementor-top-column elementor-element elementor-element-863a4cf\" data-id=\"863a4cf\" data-element_type=\"column\" data-e-type=\"column\">\n\t\t\t<div class=\"elementor-widget-wrap elementor-element-populated\">\n\t\t\t\t\t\t<div class=\"elementor-element elementor-element-91b98bb elementor-widget elementor-widget-spacer\" data-id=\"91b98bb\" data-element_type=\"widget\" data-e-type=\"widget\" data-widget_type=\"spacer.default\">\n\t\t\t\t<div class=\"elementor-widget-container\">\n\t\t\t\t\t\t\t<div class=\"elementor-spacer\">\n\t\t\t<div class=\"elementor-spacer-inner\"><\/div>\n\t\t<\/div>\n\t\t\t\t\t\t<\/div>\n\t\t\t\t<\/div>\n\t\t\t\t\t<\/div>\n\t\t<\/div>\n\t\t\t\t\t<\/div>\n\t\t<\/section>\n\t\t\t\t<section class=\"elementor-section elementor-top-section elementor-element elementor-element-d1b0e61 elementor-section-full_width elementor-section-height-default elementor-section-height-default\" data-id=\"d1b0e61\" data-element_type=\"section\" data-e-type=\"section\">\n\t\t\t\t\t\t<div class=\"elementor-container elementor-column-gap-default\">\n\t\t\t\t\t<div class=\"elementor-column elementor-col-100 elementor-top-column elementor-element elementor-element-fe91b5b\" data-id=\"fe91b5b\" data-element_type=\"column\" data-e-type=\"column\">\n\t\t\t<div class=\"elementor-widget-wrap elementor-element-populated\">\n\t\t\t\t\t\t<div class=\"elementor-element elementor-element-05c4508 elementor-widget elementor-widget-heading\" data-id=\"05c4508\" data-element_type=\"widget\" data-e-type=\"widget\" data-widget_type=\"heading.default\">\n\t\t\t\t<div class=\"elementor-widget-container\">\n\t\t\t\t\t<h2 class=\"elementor-heading-title elementor-size-default\">Nuestras Certificaciones:<\/h2>\t\t\t\t<\/div>\n\t\t\t\t<\/div>\n\t\t\t\t<section class=\"elementor-section elementor-inner-section elementor-element elementor-element-60072a4 elementor-section-boxed elementor-section-height-default elementor-section-height-default\" data-id=\"60072a4\" data-element_type=\"section\" data-e-type=\"section\">\n\t\t\t\t\t\t<div class=\"elementor-container elementor-column-gap-custom\">\n\t\t\t\t\t<div class=\"elementor-column elementor-col-12 elementor-inner-column elementor-element elementor-element-e8db51a\" data-id=\"e8db51a\" data-element_type=\"column\" data-e-type=\"column\">\n\t\t\t<div class=\"elementor-widget-wrap elementor-element-populated\">\n\t\t\t\t\t\t<div class=\"elementor-element elementor-element-82e5bed elementor-widget elementor-widget-image\" data-id=\"82e5bed\" data-element_type=\"widget\" data-e-type=\"widget\" data-widget_type=\"image.default\">\n\t\t\t\t<div class=\"elementor-widget-container\">\n\t\t\t\t\t\t\t\t\t\t\t\t\t\t\t<img decoding=\"async\" width=\"250\" height=\"310\" src=\"https:\/\/jhsperu.com\/wp-content\/uploads\/2025\/12\/1-sgs-bpmg-sq.png\" class=\"attachment-full size-full wp-image-4825\" alt=\"\" srcset=\"https:\/\/jhsperu.com\/wp-content\/uploads\/2025\/12\/1-sgs-bpmg-sq.png 250w, https:\/\/jhsperu.com\/wp-content\/uploads\/2025\/12\/1-sgs-bpmg-sq-242x300.png 242w, https:\/\/jhsperu.com\/wp-content\/uploads\/2025\/12\/1-sgs-bpmg-sq-10x12.png 10w\" sizes=\"(max-width: 250px) 100vw, 250px\" \/>\t\t\t\t\t\t\t\t\t\t\t\t\t\t\t<\/div>\n\t\t\t\t<\/div>\n\t\t\t\t\t<\/div>\n\t\t<\/div>\n\t\t\t\t<div class=\"elementor-column elementor-col-12 elementor-inner-column elementor-element elementor-element-6448ff2\" data-id=\"6448ff2\" data-element_type=\"column\" data-e-type=\"column\">\n\t\t\t<div class=\"elementor-widget-wrap elementor-element-populated\">\n\t\t\t\t\t\t<div class=\"elementor-element elementor-element-fe1010f elementor-widget elementor-widget-image\" data-id=\"fe1010f\" data-element_type=\"widget\" data-e-type=\"widget\" data-widget_type=\"image.default\">\n\t\t\t\t<div class=\"elementor-widget-container\">\n\t\t\t\t\t\t\t\t\t\t\t\t\t\t\t<img decoding=\"async\" width=\"250\" height=\"310\" src=\"https:\/\/jhsperu.com\/wp-content\/uploads\/2025\/12\/2-iso-37001-audit-service-certification-sq.png\" class=\"attachment-full size-full wp-image-4824\" alt=\"\" srcset=\"https:\/\/jhsperu.com\/wp-content\/uploads\/2025\/12\/2-iso-37001-audit-service-certification-sq.png 250w, https:\/\/jhsperu.com\/wp-content\/uploads\/2025\/12\/2-iso-37001-audit-service-certification-sq-242x300.png 242w, https:\/\/jhsperu.com\/wp-content\/uploads\/2025\/12\/2-iso-37001-audit-service-certification-sq-10x12.png 10w\" sizes=\"(max-width: 250px) 100vw, 250px\" \/>\t\t\t\t\t\t\t\t\t\t\t\t\t\t\t<\/div>\n\t\t\t\t<\/div>\n\t\t\t\t\t<\/div>\n\t\t<\/div>\n\t\t\t\t<div class=\"elementor-column elementor-col-12 elementor-inner-column elementor-element elementor-element-34b8fd1\" data-id=\"34b8fd1\" data-element_type=\"column\" data-e-type=\"column\">\n\t\t\t<div class=\"elementor-widget-wrap elementor-element-populated\">\n\t\t\t\t\t\t<div class=\"elementor-element elementor-element-2dde0a3 elementor-widget elementor-widget-image\" data-id=\"2dde0a3\" data-element_type=\"widget\" data-e-type=\"widget\" data-widget_type=\"image.default\">\n\t\t\t\t<div class=\"elementor-widget-container\">\n\t\t\t\t\t\t\t\t\t\t\t\t\t\t\t<img loading=\"lazy\" decoding=\"async\" width=\"250\" height=\"310\" src=\"https:\/\/jhsperu.com\/wp-content\/uploads\/2025\/12\/3-iso-19650-aqc-sq.png\" class=\"attachment-full size-full wp-image-4823\" alt=\"\" srcset=\"https:\/\/jhsperu.com\/wp-content\/uploads\/2025\/12\/3-iso-19650-aqc-sq.png 250w, https:\/\/jhsperu.com\/wp-content\/uploads\/2025\/12\/3-iso-19650-aqc-sq-242x300.png 242w, https:\/\/jhsperu.com\/wp-content\/uploads\/2025\/12\/3-iso-19650-aqc-sq-10x12.png 10w\" sizes=\"(max-width: 250px) 100vw, 250px\" \/>\t\t\t\t\t\t\t\t\t\t\t\t\t\t\t<\/div>\n\t\t\t\t<\/div>\n\t\t\t\t\t<\/div>\n\t\t<\/div>\n\t\t\t\t<div class=\"elementor-column elementor-col-12 elementor-inner-column elementor-element elementor-element-5cf989c\" data-id=\"5cf989c\" data-element_type=\"column\" data-e-type=\"column\">\n\t\t\t<div class=\"elementor-widget-wrap elementor-element-populated\">\n\t\t\t\t\t\t<div class=\"elementor-element elementor-element-b1ecba0 elementor-widget elementor-widget-image\" data-id=\"b1ecba0\" data-element_type=\"widget\" data-e-type=\"widget\" data-widget_type=\"image.default\">\n\t\t\t\t<div class=\"elementor-widget-container\">\n\t\t\t\t\t\t\t\t\t\t\t\t\t\t\t<img loading=\"lazy\" decoding=\"async\" width=\"250\" height=\"310\" src=\"https:\/\/jhsperu.com\/wp-content\/uploads\/2025\/12\/4-iso-9001-icontec-sq.png\" class=\"attachment-full size-full wp-image-4822\" alt=\"\" srcset=\"https:\/\/jhsperu.com\/wp-content\/uploads\/2025\/12\/4-iso-9001-icontec-sq.png 250w, https:\/\/jhsperu.com\/wp-content\/uploads\/2025\/12\/4-iso-9001-icontec-sq-242x300.png 242w, https:\/\/jhsperu.com\/wp-content\/uploads\/2025\/12\/4-iso-9001-icontec-sq-10x12.png 10w\" sizes=\"(max-width: 250px) 100vw, 250px\" \/>\t\t\t\t\t\t\t\t\t\t\t\t\t\t\t<\/div>\n\t\t\t\t<\/div>\n\t\t\t\t\t<\/div>\n\t\t<\/div>\n\t\t\t\t<div class=\"elementor-column elementor-col-12 elementor-inner-column elementor-element elementor-element-314158f\" data-id=\"314158f\" data-element_type=\"column\" data-e-type=\"column\">\n\t\t\t<div class=\"elementor-widget-wrap elementor-element-populated\">\n\t\t\t\t\t\t<div class=\"elementor-element elementor-element-d70a375 elementor-widget elementor-widget-image\" data-id=\"d70a375\" data-element_type=\"widget\" data-e-type=\"widget\" data-widget_type=\"image.default\">\n\t\t\t\t<div class=\"elementor-widget-container\">\n\t\t\t\t\t\t\t\t\t\t\t\t\t\t\t<img loading=\"lazy\" decoding=\"async\" width=\"250\" height=\"310\" src=\"https:\/\/jhsperu.com\/wp-content\/uploads\/2025\/12\/5-iso-14001-icontec-sq.png\" class=\"attachment-full size-full wp-image-4820\" alt=\"\" srcset=\"https:\/\/jhsperu.com\/wp-content\/uploads\/2025\/12\/5-iso-14001-icontec-sq.png 250w, https:\/\/jhsperu.com\/wp-content\/uploads\/2025\/12\/5-iso-14001-icontec-sq-242x300.png 242w, https:\/\/jhsperu.com\/wp-content\/uploads\/2025\/12\/5-iso-14001-icontec-sq-10x12.png 10w\" sizes=\"(max-width: 250px) 100vw, 250px\" \/>\t\t\t\t\t\t\t\t\t\t\t\t\t\t\t<\/div>\n\t\t\t\t<\/div>\n\t\t\t\t\t<\/div>\n\t\t<\/div>\n\t\t\t\t<div class=\"elementor-column elementor-col-12 elementor-inner-column elementor-element elementor-element-da5bb3d\" data-id=\"da5bb3d\" data-element_type=\"column\" data-e-type=\"column\">\n\t\t\t<div class=\"elementor-widget-wrap elementor-element-populated\">\n\t\t\t\t\t\t<div class=\"elementor-element elementor-element-2b0d564 elementor-widget elementor-widget-image\" data-id=\"2b0d564\" data-element_type=\"widget\" data-e-type=\"widget\" data-widget_type=\"image.default\">\n\t\t\t\t<div class=\"elementor-widget-container\">\n\t\t\t\t\t\t\t\t\t\t\t\t\t\t\t<img loading=\"lazy\" decoding=\"async\" width=\"250\" height=\"310\" src=\"https:\/\/jhsperu.com\/wp-content\/uploads\/2025\/12\/6-iso-45001-icontec-sq.png\" class=\"attachment-full size-full wp-image-4821\" alt=\"\" srcset=\"https:\/\/jhsperu.com\/wp-content\/uploads\/2025\/12\/6-iso-45001-icontec-sq.png 250w, https:\/\/jhsperu.com\/wp-content\/uploads\/2025\/12\/6-iso-45001-icontec-sq-242x300.png 242w, https:\/\/jhsperu.com\/wp-content\/uploads\/2025\/12\/6-iso-45001-icontec-sq-10x12.png 10w\" sizes=\"(max-width: 250px) 100vw, 250px\" \/>\t\t\t\t\t\t\t\t\t\t\t\t\t\t\t<\/div>\n\t\t\t\t<\/div>\n\t\t\t\t\t<\/div>\n\t\t<\/div>\n\t\t\t\t<div class=\"elementor-column elementor-col-12 elementor-inner-column elementor-element elementor-element-154e32e\" data-id=\"154e32e\" data-element_type=\"column\" data-e-type=\"column\">\n\t\t\t<div class=\"elementor-widget-wrap elementor-element-populated\">\n\t\t\t\t\t\t<div class=\"elementor-element elementor-element-b785629 elementor-widget elementor-widget-image\" data-id=\"b785629\" data-element_type=\"widget\" data-e-type=\"widget\" data-widget_type=\"image.default\">\n\t\t\t\t<div class=\"elementor-widget-container\">\n\t\t\t\t\t\t\t\t\t\t\t\t\t\t\t<img loading=\"lazy\" decoding=\"async\" width=\"250\" height=\"310\" src=\"https:\/\/jhsperu.com\/wp-content\/uploads\/2025\/12\/7-iso-13485-icontec-sq.png\" class=\"attachment-full size-full wp-image-4819\" alt=\"\" srcset=\"https:\/\/jhsperu.com\/wp-content\/uploads\/2025\/12\/7-iso-13485-icontec-sq.png 250w, https:\/\/jhsperu.com\/wp-content\/uploads\/2025\/12\/7-iso-13485-icontec-sq-242x300.png 242w, https:\/\/jhsperu.com\/wp-content\/uploads\/2025\/12\/7-iso-13485-icontec-sq-10x12.png 10w\" sizes=\"(max-width: 250px) 100vw, 250px\" \/>\t\t\t\t\t\t\t\t\t\t\t\t\t\t\t<\/div>\n\t\t\t\t<\/div>\n\t\t\t\t\t<\/div>\n\t\t<\/div>\n\t\t\t\t<div class=\"elementor-column elementor-col-12 elementor-inner-column elementor-element elementor-element-ea7ed5e\" data-id=\"ea7ed5e\" data-element_type=\"column\" data-e-type=\"column\">\n\t\t\t<div class=\"elementor-widget-wrap elementor-element-populated\">\n\t\t\t\t\t\t<div class=\"elementor-element elementor-element-159c79c elementor-widget elementor-widget-image\" data-id=\"159c79c\" data-element_type=\"widget\" data-e-type=\"widget\" data-widget_type=\"image.default\">\n\t\t\t\t<div class=\"elementor-widget-container\">\n\t\t\t\t\t\t\t\t\t\t\t\t\t\t\t<img loading=\"lazy\" decoding=\"async\" width=\"250\" height=\"310\" src=\"https:\/\/jhsperu.com\/wp-content\/uploads\/2025\/12\/8-iqnet-certification-sq.png\" class=\"attachment-full size-full wp-image-4818\" alt=\"\" srcset=\"https:\/\/jhsperu.com\/wp-content\/uploads\/2025\/12\/8-iqnet-certification-sq.png 250w, https:\/\/jhsperu.com\/wp-content\/uploads\/2025\/12\/8-iqnet-certification-sq-242x300.png 242w, https:\/\/jhsperu.com\/wp-content\/uploads\/2025\/12\/8-iqnet-certification-sq-10x12.png 10w\" sizes=\"(max-width: 250px) 100vw, 250px\" \/>\t\t\t\t\t\t\t\t\t\t\t\t\t\t\t<\/div>\n\t\t\t\t<\/div>\n\t\t\t\t\t<\/div>\n\t\t<\/div>\n\t\t\t\t\t<\/div>\n\t\t<\/section>\n\t\t\t\t\t<\/div>\n\t\t<\/div>\n\t\t\t\t\t<\/div>\n\t\t<\/section>\n\t\t\t\t<\/div>","protected":false},"excerpt":{"rendered":"<p>Qui\u00e9nes somos Creada en el a\u00f1o de 1969, la marca JHS l\u00edder fabricante de productos de la m\u00e1s alta calidad en el mercado nacional e internacional, due\u00f1os de una innovadora evoluci\u00f3n basadas en los avances tecnol\u00f3gicos, con nuevos desarrollos y dise\u00f1os de productos producidos para satisfacer las m\u00e1s altas exigencias solicitadas por nuestros clientes y [&hellip;]<\/p>","protected":false},"author":1,"featured_media":0,"parent":0,"menu_order":0,"comment_status":"closed","ping_status":"closed","template":"","meta":{"_acf_changed":false,"content-type":"","site-sidebar-layout":"no-sidebar","site-content-layout":"page-builder","ast-site-content-layout":"default","site-content-style":"default","site-sidebar-style":"default","ast-global-header-display":"","ast-banner-title-visibility":"","ast-main-header-display":"","ast-hfb-above-header-display":"","ast-hfb-below-header-display":"","ast-hfb-mobile-header-display":"","site-post-title":"disabled","ast-breadcrumbs-content":"","ast-featured-img":"disabled","footer-sml-layout":"","theme-transparent-header-meta":"","adv-header-id-meta":"","stick-header-meta":"","header-above-stick-meta":"","header-main-stick-meta":"","header-below-stick-meta":"","astra-migrate-meta-layouts":"default","ast-page-background-enabled":"default","ast-page-background-meta":{"desktop":{"background-color":"var(--ast-global-color-4)","background-image":"","background-repeat":"repeat","background-position":"center center","background-size":"auto","background-attachment":"scroll","background-type":"","background-media":"","overlay-type":"","overlay-color":"","overlay-opacity":"","overlay-gradient":""},"tablet":{"background-color":"","background-image":"","background-repeat":"repeat","background-position":"center center","background-size":"auto","background-attachment":"scroll","background-type":"","background-media":"","overlay-type":"","overlay-color":"","overlay-opacity":"","overlay-gradient":""},"mobile":{"background-color":"","background-image":"","background-repeat":"repeat","background-position":"center center","background-size":"auto","background-attachment":"scroll","background-type":"","background-media":"","overlay-type":"","overlay-color":"","overlay-opacity":"","overlay-gradient":""}},"ast-content-background-meta":{"desktop":{"background-color":"var(--ast-global-color-5)","background-image":"","background-repeat":"repeat","background-position":"center center","background-size":"auto","background-attachment":"scroll","background-type":"","background-media":"","overlay-type":"","overlay-color":"","overlay-opacity":"","overlay-gradient":""},"tablet":{"background-color":"var(--ast-global-color-5)","background-image":"","background-repeat":"repeat","background-position":"center center","background-size":"auto","background-attachment":"scroll","background-type":"","background-media":"","overlay-type":"","overlay-color":"","overlay-opacity":"","overlay-gradient":""},"mobile":{"background-color":"var(--ast-global-color-5)","background-image":"","background-repeat":"repeat","background-position":"center center","background-size":"auto","background-attachment":"scroll","background-type":"","background-media":"","overlay-type":"","overlay-color":"","overlay-opacity":"","overlay-gradient":""}},"footnotes":""},"class_list":["post-349","page","type-page","status-publish","hentry"],"acf":[],"_links":{"self":[{"href":"https:\/\/jhsperu.com\/en\/wp-json\/wp\/v2\/pages\/349","targetHints":{"allow":["GET"]}}],"collection":[{"href":"https:\/\/jhsperu.com\/en\/wp-json\/wp\/v2\/pages"}],"about":[{"href":"https:\/\/jhsperu.com\/en\/wp-json\/wp\/v2\/types\/page"}],"author":[{"embeddable":true,"href":"https:\/\/jhsperu.com\/en\/wp-json\/wp\/v2\/users\/1"}],"replies":[{"embeddable":true,"href":"https:\/\/jhsperu.com\/en\/wp-json\/wp\/v2\/comments?post=349"}],"version-history":[{"count":106,"href":"https:\/\/jhsperu.com\/en\/wp-json\/wp\/v2\/pages\/349\/revisions"}],"predecessor-version":[{"id":4828,"href":"https:\/\/jhsperu.com\/en\/wp-json\/wp\/v2\/pages\/349\/revisions\/4828"}],"wp:attachment":[{"href":"https:\/\/jhsperu.com\/en\/wp-json\/wp\/v2\/media?parent=349"}],"curies":[{"name":"wp","href":"https:\/\/api.w.org\/{rel}","templated":true}]}}